{"id":8,"date":"2020-10-07T18:20:25","date_gmt":"2020-10-07T23:20:25","guid":{"rendered":"https:\/\/balcari.com\/?page_id=8"},"modified":"2020-10-07T18:20:25","modified_gmt":"2020-10-07T23:20:25","slug":"cart","status":"publish","type":"page","link":"https:\/\/tienda.balcarieditores.pe\/?page_id=8","title":{"rendered":"Cart"},"content":{"rendered":"<div class=\"woocommerce\"><div class=\"woocommerce-notices-wrapper\"><\/div><p class=\"cart-empty woocommerce-info\">Tu carrito est\u00e1 vac\u00edo.<\/p>\t\t<p class=\"cart-empty woodmart-empty-page\">\n\t\t\tTu carrito est\u00e1 vac\u00edo.\t\t<\/p>\n\t\t\t\t\t\t<div class=\"woodmart-empty-page-text\">Antes de proceder a ordenar, tienes que haber agregado productos a tu carrito de compras<\/div>\n\t\t\t\t<p class=\"return-to-shop\">\n\t\t<a class=\"button wc-backward wp-element-button\" href=\"https:\/\/tienda.balcarieditores.pe\/?page_id=7\">\n\t\t\tVolver a la tienda\t\t<\/a>\n\t<\/p>\n<\/div>\n","protected":false},"excerpt":{"rendered":"Tu carrito est\u00e1 vac\u00edo. Tu carrito est\u00e1 vac\u00edo. Antes de proceder a ordenar, tienes que haber agregado productos a tu","protected":false},"author":1,"featured_media":0,"parent":0,"menu_order":0,"comment_status":"closed","ping_status":"closed","template":"","meta":[],"yoast_head":"<!-- This site is optimized with the Yoast SEO plugin v20.8 - https:\/\/yoast.com\/wordpress\/plugins\/seo\/ -->\n<title>Cart - Balcari<\/title>\n<meta name=\"robots\" content=\"index, follow, max-snippet:-1, max-image-preview:large, max-video-preview:-1\" \/>\n<link rel=\"canonical\" href=\"https:\/\/tienda.balcarieditores.pe\/?page_id=8\" \/>\n<meta property=\"og:locale\" content=\"es_ES\" \/>\n<meta property=\"og:type\" content=\"article\" \/>\n<meta property=\"og:title\" content=\"Cart - Balcari\" \/>\n<meta property=\"og:url\" content=\"https:\/\/tienda.balcarieditores.pe\/?page_id=8\" \/>\n<meta property=\"og:site_name\" content=\"Balcari\" \/>\n<meta name=\"twitter:card\" content=\"summary_large_image\" \/>\n<script type=\"application\/ld+json\" class=\"yoast-schema-graph\">{\"@context\":\"https:\/\/schema.org\",\"@graph\":[{\"@type\":\"WebPage\",\"@id\":\"https:\/\/tienda.balcarieditores.pe\/?page_id=8\",\"url\":\"https:\/\/tienda.balcarieditores.pe\/?page_id=8\",\"name\":\"Cart - Balcari\",\"isPartOf\":{\"@id\":\"https:\/\/tienda.balcarieditores.pe\/#website\"},\"datePublished\":\"2020-10-07T23:20:25+00:00\",\"dateModified\":\"2020-10-07T23:20:25+00:00\",\"breadcrumb\":{\"@id\":\"https:\/\/tienda.balcarieditores.pe\/?page_id=8#breadcrumb\"},\"inLanguage\":\"es\",\"potentialAction\":[{\"@type\":\"ReadAction\",\"target\":[\"https:\/\/tienda.balcarieditores.pe\/?page_id=8\"]}]},{\"@type\":\"BreadcrumbList\",\"@id\":\"https:\/\/tienda.balcarieditores.pe\/?page_id=8#breadcrumb\",\"itemListElement\":[{\"@type\":\"ListItem\",\"position\":1,\"name\":\"Portada\",\"item\":\"https:\/\/tienda.balcarieditores.pe\/\"},{\"@type\":\"ListItem\",\"position\":2,\"name\":\"Cart\"}]},{\"@type\":\"WebSite\",\"@id\":\"https:\/\/tienda.balcarieditores.pe\/#website\",\"url\":\"https:\/\/tienda.balcarieditores.pe\/\",\"name\":\"Balcari\",\"description\":\"Impresiones, Bolsas, Empaques,  y m\u00e1s\",\"potentialAction\":[{\"@type\":\"SearchAction\",\"target\":{\"@type\":\"EntryPoint\",\"urlTemplate\":\"https:\/\/tienda.balcarieditores.pe\/?s={search_term_string}\"},\"query-input\":\"required name=search_term_string\"}],\"inLanguage\":\"es\"}]}<\/script>\n<!-- \/ Yoast SEO plugin. -->","yoast_head_json":{"title":"Cart - Balcari","robots":{"index":"index","follow":"follow","max-snippet":"max-snippet:-1","max-image-preview":"max-image-preview:large","max-video-preview":"max-video-preview:-1"},"canonical":"https:\/\/tienda.balcarieditores.pe\/?page_id=8","og_locale":"es_ES","og_type":"article","og_title":"Cart - Balcari","og_url":"https:\/\/tienda.balcarieditores.pe\/?page_id=8","og_site_name":"Balcari","twitter_card":"summary_large_image","schema":{"@context":"https:\/\/schema.org","@graph":[{"@type":"WebPage","@id":"https:\/\/tienda.balcarieditores.pe\/?page_id=8","url":"https:\/\/tienda.balcarieditores.pe\/?page_id=8","name":"Cart - Balcari","isPartOf":{"@id":"https:\/\/tienda.balcarieditores.pe\/#website"},"datePublished":"2020-10-07T23:20:25+00:00","dateModified":"2020-10-07T23:20:25+00:00","breadcrumb":{"@id":"https:\/\/tienda.balcarieditores.pe\/?page_id=8#breadcrumb"},"inLanguage":"es","potentialAction":[{"@type":"ReadAction","target":["https:\/\/tienda.balcarieditores.pe\/?page_id=8"]}]},{"@type":"BreadcrumbList","@id":"https:\/\/tienda.balcarieditores.pe\/?page_id=8#breadcrumb","itemListElement":[{"@type":"ListItem","position":1,"name":"Portada","item":"https:\/\/tienda.balcarieditores.pe\/"},{"@type":"ListItem","position":2,"name":"Cart"}]},{"@type":"WebSite","@id":"https:\/\/tienda.balcarieditores.pe\/#website","url":"https:\/\/tienda.balcarieditores.pe\/","name":"Balcari","description":"Impresiones, Bolsas, Empaques,  y m\u00e1s","potentialAction":[{"@type":"SearchAction","target":{"@type":"EntryPoint","urlTemplate":"https:\/\/tienda.balcarieditores.pe\/?s={search_term_string}"},"query-input":"required name=search_term_string"}],"inLanguage":"es"}]}},"_links":{"self":[{"href":"https:\/\/tienda.balcarieditores.pe\/index.php?rest_route=\/wp\/v2\/pages\/8"}],"collection":[{"href":"https:\/\/tienda.balcarieditores.pe\/index.php?rest_route=\/wp\/v2\/pages"}],"about":[{"href":"https:\/\/tienda.balcarieditores.pe\/index.php?rest_route=\/wp\/v2\/types\/page"}],"author":[{"embeddable":true,"href":"https:\/\/tienda.balcarieditores.pe\/index.php?rest_route=\/wp\/v2\/users\/1"}],"replies":[{"embeddable":true,"href":"https:\/\/tienda.balcarieditores.pe\/index.php?rest_route=%2Fwp%2Fv2%2Fcomments&post=8"}],"version-history":[{"count":0,"href":"https:\/\/tienda.balcarieditores.pe\/index.php?rest_route=\/wp\/v2\/pages\/8\/revisions"}],"wp:attachment":[{"href":"https:\/\/tienda.balcarieditores.pe\/index.php?rest_route=%2Fwp%2Fv2%2Fmedia&parent=8"}],"curies":[{"name":"wp","href":"https:\/\/api.w.org\/{rel}","templated":true}]}}