{"id":13,"date":"2020-06-24T13:34:01","date_gmt":"2020-06-24T18:34:01","guid":{"rendered":"https:\/\/balcari.com\/?post_type=product&#038;p=13"},"modified":"2024-03-29T14:55:53","modified_gmt":"2024-03-29T19:55:53","slug":"tarjetas-de-visita-brillante","status":"publish","type":"product","link":"https:\/\/tienda.balcarieditores.pe\/?product=tarjetas-de-visita-brillante","title":{"rendered":"500 Tarjetas de Visita Brillante"},"content":{"rendered":"<div>\n<h3 class=\"strong mb-0\">Haz de cada interacci\u00f3n una oportunidad para destacar.<\/h3>\n<div class=\"\">\n<ul>\n<li>Tama\u00f1o de 85 x 55 mm<\/li>\n<li>Papel couch\u00e9 de 300gr<\/li>\n<li>5 opciones de esquinas<\/li>\n<li>Impresi\u00f3n n\u00edtida a todo color<\/li>\n<\/ul>\n<p>Abrir una caja nueva de tarjetas de visita es siempre un momento especial, tanto si acabas de fundar una empresa como has contratado a un nuevo empleado. Y ahora puedes crear f\u00e1cilmente tarjetas personalizadas que har\u00e1n que te sientas seguro, orgulloso y profesional.<\/p>\n<div style=\"display: none;\">\u00bfLo tienes todo listo para dise\u00f1ar tus tarjetas? Empieza explorando nuestro surtido de dise\u00f1os de tarjetas de visita totalmente personalizables, que incluyen opciones espec\u00edficas para cada sector o industria. Personaliza el dise\u00f1o elegido con los datos clave, como el nombre de tu empresa, el logotipo y el sitio web. Y, a continuaci\u00f3n, elige si quieres a\u00f1adir una opci\u00f3n premium (un tipo de papel especial o un acabado que destaque) para conseguir el mejor resultado en tus tarjetas. Nosotros nos ocuparemos del resto y tu caja de tarjetas llegar\u00e1 con un aspecto impecable, lista para sorprender.<\/div>\n<\/div>\n<\/div>\n","protected":false},"excerpt":{"rendered":"<p><span class=\"product-description\">Prep\u00e1rate para aprovechar al m\u00e1ximo cada oportunidad con una tarjeta que destaque. Explora nuestras plantillas de dise\u00f1o totalmente personalizables, tipos de papel exclusivos y mucho m\u00e1s.<\/span><\/p>\n","protected":false},"featured_media":7321,"template":"","meta":[],"product_cat":[83],"product_tag":[81,65,66],"yoast_head":"<!-- This site is optimized with the Yoast SEO plugin v20.8 - https:\/\/yoast.com\/wordpress\/plugins\/seo\/ -->\n<title>500 Tarjetas de Visita Brillante - Balcari<\/title>\n<meta name=\"robots\" content=\"index, follow, max-snippet:-1, max-image-preview:large, max-video-preview:-1\" \/>\n<link rel=\"canonical\" href=\"https:\/\/tienda.balcarieditores.pe\/?product=tarjetas-de-visita-brillante\" \/>\n<meta property=\"og:locale\" content=\"es_ES\" \/>\n<meta property=\"og:type\" content=\"article\" \/>\n<meta property=\"og:title\" content=\"500 Tarjetas de Visita Brillante - Balcari\" \/>\n<meta property=\"og:description\" content=\"Prep\u00e1rate para aprovechar al m\u00e1ximo cada oportunidad con una tarjeta que destaque. Explora nuestras plantillas de dise\u00f1o totalmente personalizables, tipos de papel exclusivos y mucho m\u00e1s.\" \/>\n<meta property=\"og:url\" content=\"https:\/\/tienda.balcarieditores.pe\/?product=tarjetas-de-visita-brillante\" \/>\n<meta property=\"og:site_name\" content=\"Balcari\" \/>\n<meta property=\"article:modified_time\" content=\"2024-03-29T19:55:53+00:00\" \/>\n<meta property=\"og:image\" content=\"https:\/\/tienda.balcarieditores.pe\/wp-content\/uploads\/2020\/06\/tarjetasplastificadobrillante-1.jpg\" \/>\n\t<meta property=\"og:image:width\" content=\"600\" \/>\n\t<meta property=\"og:image:height\" content=\"600\" \/>\n\t<meta property=\"og:image:type\" content=\"image\/jpeg\" \/>\n<meta name=\"twitter:card\" content=\"summary_large_image\" \/>\n<meta name=\"twitter:label1\" content=\"Est. reading time\" \/>\n\t<meta name=\"twitter:data1\" content=\"1 minuto\" \/>\n<script type=\"application\/ld+json\" class=\"yoast-schema-graph\">{\"@context\":\"https:\/\/schema.org\",\"@graph\":[{\"@type\":\"WebPage\",\"@id\":\"https:\/\/tienda.balcarieditores.pe\/?product=tarjetas-de-visita-brillante\",\"url\":\"https:\/\/tienda.balcarieditores.pe\/?product=tarjetas-de-visita-brillante\",\"name\":\"500 Tarjetas de Visita Brillante - Balcari\",\"isPartOf\":{\"@id\":\"https:\/\/tienda.balcarieditores.pe\/#website\"},\"datePublished\":\"2020-06-24T18:34:01+00:00\",\"dateModified\":\"2024-03-29T19:55:53+00:00\",\"breadcrumb\":{\"@id\":\"https:\/\/tienda.balcarieditores.pe\/?product=tarjetas-de-visita-brillante#breadcrumb\"},\"inLanguage\":\"es\",\"potentialAction\":[{\"@type\":\"ReadAction\",\"target\":[\"https:\/\/tienda.balcarieditores.pe\/?product=tarjetas-de-visita-brillante\"]}]},{\"@type\":\"BreadcrumbList\",\"@id\":\"https:\/\/tienda.balcarieditores.pe\/?product=tarjetas-de-visita-brillante#breadcrumb\",\"itemListElement\":[{\"@type\":\"ListItem\",\"position\":1,\"name\":\"Portada\",\"item\":\"https:\/\/tienda.balcarieditores.pe\/\"},{\"@type\":\"ListItem\",\"position\":2,\"name\":\"Tienda Balcari\",\"item\":\"https:\/\/tienda.balcarieditores.pe\/?page_id=7\"},{\"@type\":\"ListItem\",\"position\":3,\"name\":\"500 Tarjetas de Visita Brillante\"}]},{\"@type\":\"WebSite\",\"@id\":\"https:\/\/tienda.balcarieditores.pe\/#website\",\"url\":\"https:\/\/tienda.balcarieditores.pe\/\",\"name\":\"Balcari\",\"description\":\"Impresiones, Bolsas, Empaques,  y m\u00e1s\",\"potentialAction\":[{\"@type\":\"SearchAction\",\"target\":{\"@type\":\"EntryPoint\",\"urlTemplate\":\"https:\/\/tienda.balcarieditores.pe\/?s={search_term_string}\"},\"query-input\":\"required name=search_term_string\"}],\"inLanguage\":\"es\"}]}<\/script>\n<!-- \/ Yoast SEO plugin. -->","yoast_head_json":{"title":"500 Tarjetas de Visita Brillante - Balcari","robots":{"index":"index","follow":"follow","max-snippet":"max-snippet:-1","max-image-preview":"max-image-preview:large","max-video-preview":"max-video-preview:-1"},"canonical":"https:\/\/tienda.balcarieditores.pe\/?product=tarjetas-de-visita-brillante","og_locale":"es_ES","og_type":"article","og_title":"500 Tarjetas de Visita Brillante - Balcari","og_description":"Prep\u00e1rate para aprovechar al m\u00e1ximo cada oportunidad con una tarjeta que destaque. Explora nuestras plantillas de dise\u00f1o totalmente personalizables, tipos de papel exclusivos y mucho m\u00e1s.","og_url":"https:\/\/tienda.balcarieditores.pe\/?product=tarjetas-de-visita-brillante","og_site_name":"Balcari","article_modified_time":"2024-03-29T19:55:53+00:00","og_image":[{"width":600,"height":600,"url":"https:\/\/tienda.balcarieditores.pe\/wp-content\/uploads\/2020\/06\/tarjetasplastificadobrillante-1.jpg","type":"image\/jpeg"}],"twitter_card":"summary_large_image","twitter_misc":{"Est. reading time":"1 minuto"},"schema":{"@context":"https:\/\/schema.org","@graph":[{"@type":"WebPage","@id":"https:\/\/tienda.balcarieditores.pe\/?product=tarjetas-de-visita-brillante","url":"https:\/\/tienda.balcarieditores.pe\/?product=tarjetas-de-visita-brillante","name":"500 Tarjetas de Visita Brillante - Balcari","isPartOf":{"@id":"https:\/\/tienda.balcarieditores.pe\/#website"},"datePublished":"2020-06-24T18:34:01+00:00","dateModified":"2024-03-29T19:55:53+00:00","breadcrumb":{"@id":"https:\/\/tienda.balcarieditores.pe\/?product=tarjetas-de-visita-brillante#breadcrumb"},"inLanguage":"es","potentialAction":[{"@type":"ReadAction","target":["https:\/\/tienda.balcarieditores.pe\/?product=tarjetas-de-visita-brillante"]}]},{"@type":"BreadcrumbList","@id":"https:\/\/tienda.balcarieditores.pe\/?product=tarjetas-de-visita-brillante#breadcrumb","itemListElement":[{"@type":"ListItem","position":1,"name":"Portada","item":"https:\/\/tienda.balcarieditores.pe\/"},{"@type":"ListItem","position":2,"name":"Tienda Balcari","item":"https:\/\/tienda.balcarieditores.pe\/?page_id=7"},{"@type":"ListItem","position":3,"name":"500 Tarjetas de Visita Brillante"}]},{"@type":"WebSite","@id":"https:\/\/tienda.balcarieditores.pe\/#website","url":"https:\/\/tienda.balcarieditores.pe\/","name":"Balcari","description":"Impresiones, Bolsas, Empaques,  y m\u00e1s","potentialAction":[{"@type":"SearchAction","target":{"@type":"EntryPoint","urlTemplate":"https:\/\/tienda.balcarieditores.pe\/?s={search_term_string}"},"query-input":"required name=search_term_string"}],"inLanguage":"es"}]}},"_links":{"self":[{"href":"https:\/\/tienda.balcarieditores.pe\/index.php?rest_route=\/wp\/v2\/product\/13"}],"collection":[{"href":"https:\/\/tienda.balcarieditores.pe\/index.php?rest_route=\/wp\/v2\/product"}],"about":[{"href":"https:\/\/tienda.balcarieditores.pe\/index.php?rest_route=\/wp\/v2\/types\/product"}],"wp:featuredmedia":[{"embeddable":true,"href":"https:\/\/tienda.balcarieditores.pe\/index.php?rest_route=\/wp\/v2\/media\/7321"}],"wp:attachment":[{"href":"https:\/\/tienda.balcarieditores.pe\/index.php?rest_route=%2Fwp%2Fv2%2Fmedia&parent=13"}],"wp:term":[{"taxonomy":"product_cat","embeddable":true,"href":"https:\/\/tienda.balcarieditores.pe\/index.php?rest_route=%2Fwp%2Fv2%2Fproduct_cat&post=13"},{"taxonomy":"product_tag","embeddable":true,"href":"https:\/\/tienda.balcarieditores.pe\/index.php?rest_route=%2Fwp%2Fv2%2Fproduct_tag&post=13"}],"curies":[{"name":"wp","href":"https:\/\/api.w.org\/{rel}","templated":true}]}}