{"id":19,"date":"2020-06-24T14:27:32","date_gmt":"2020-06-24T19:27:32","guid":{"rendered":"https:\/\/balcari.com\/?post_type=product&#038;p=19"},"modified":"2024-03-29T14:55:02","modified_gmt":"2024-03-29T19:55:02","slug":"tarjetas-con-barniz-uv-sectorizado","status":"publish","type":"product","link":"https:\/\/tienda.balcarieditores.pe\/?product=tarjetas-con-barniz-uv-sectorizado","title":{"rendered":"500 Tarjetas con Barniz UV sectorizado"},"content":{"rendered":"<h3 class=\"strong mb-0\">Dise\u00f1a una tarjeta de visita de lo m\u00e1s llamativa.<\/h3>\n<div class=\"\">\n<ul>\n<li>Tama\u00f1o de 85 x 55 mm<\/li>\n<li>2 pesos de papel disponibles<\/li>\n<li>2 tipos de esquinas disponibles<\/li>\n<li>Capa brillante en relieve de pol\u00edmero transparente<\/li>\n<li>Impresi\u00f3n n\u00edtida a todo color<\/li>\n<li>Posibilidad de subir tu propio dise\u00f1o<\/li>\n<\/ul>\n<p>\u00bfQuieres crear una tarjeta de visita tan \u00fanica como tu negocio? Las tarjetas de visita con barniz UV personalizadas pueden ser justo lo que necesitas. A\u00f1adiremos una capa de pol\u00edmero transparente sobre algunos elementos del dise\u00f1o (texto, logotipo o ambos) para lograr un efecto 3D muy brillante.<\/p>\n<p>Antes de crear tu tarjeta con barniz UV, echa un vistazo a nuestros dise\u00f1os de tarjetas de visita totalmente personalizables que incluyen opciones espec\u00edficas para cada sector. Personaliza el dise\u00f1o elegido con los datos clave, como el nombre de tu empresa, tu logotipo y tu sitio web, y luego dinos d\u00f3nde quieres que apliquemos la capa brillante para el relieve. Nosotros nos ocuparemos del resto y te haremos llegar las tarjetas en un estado impecable y listas para brillar.<\/p>\n<\/div>\n","protected":false},"excerpt":{"rendered":"<p>Dale un toque sofisticado a tu tarjeta de visita a\u00f1adi\u00e9ndole relieves brillantes con efecto 3D. Echa un vistazo a nuestras plantillas de dise\u00f1o totalmente personalizables o sube tu dise\u00f1o f\u00e1cilmente.<\/p>\n","protected":false},"featured_media":7319,"template":"","meta":[],"product_cat":[83],"product_tag":[72,81,65,66],"yoast_head":"<!-- This site is optimized with the Yoast SEO plugin v20.8 - https:\/\/yoast.com\/wordpress\/plugins\/seo\/ -->\n<title>500 Tarjetas con Barniz UV sectorizado - Balcari<\/title>\n<meta name=\"robots\" content=\"index, follow, max-snippet:-1, max-image-preview:large, max-video-preview:-1\" \/>\n<link rel=\"canonical\" href=\"https:\/\/tienda.balcarieditores.pe\/?product=tarjetas-con-barniz-uv-sectorizado\" \/>\n<meta property=\"og:locale\" content=\"es_ES\" \/>\n<meta property=\"og:type\" content=\"article\" \/>\n<meta property=\"og:title\" content=\"500 Tarjetas con Barniz UV sectorizado - Balcari\" \/>\n<meta property=\"og:description\" content=\"Dale un toque sofisticado a tu tarjeta de visita a\u00f1adi\u00e9ndole relieves brillantes con efecto 3D. Echa un vistazo a nuestras plantillas de dise\u00f1o totalmente personalizables o sube tu dise\u00f1o f\u00e1cilmente.\" \/>\n<meta property=\"og:url\" content=\"https:\/\/tienda.balcarieditores.pe\/?product=tarjetas-con-barniz-uv-sectorizado\" \/>\n<meta property=\"og:site_name\" content=\"Balcari\" \/>\n<meta property=\"article:modified_time\" content=\"2024-03-29T19:55:02+00:00\" \/>\n<meta property=\"og:image\" content=\"https:\/\/tienda.balcarieditores.pe\/wp-content\/uploads\/2020\/06\/tarjetasconbarnizuvsectorizado-1.jpg\" \/>\n\t<meta property=\"og:image:width\" content=\"600\" \/>\n\t<meta property=\"og:image:height\" content=\"600\" \/>\n\t<meta property=\"og:image:type\" content=\"image\/jpeg\" \/>\n<meta name=\"twitter:card\" content=\"summary_large_image\" \/>\n<meta name=\"twitter:label1\" content=\"Est. reading time\" \/>\n\t<meta name=\"twitter:data1\" content=\"1 minuto\" \/>\n<script type=\"application\/ld+json\" class=\"yoast-schema-graph\">{\"@context\":\"https:\/\/schema.org\",\"@graph\":[{\"@type\":\"WebPage\",\"@id\":\"https:\/\/tienda.balcarieditores.pe\/?product=tarjetas-con-barniz-uv-sectorizado\",\"url\":\"https:\/\/tienda.balcarieditores.pe\/?product=tarjetas-con-barniz-uv-sectorizado\",\"name\":\"500 Tarjetas con Barniz UV sectorizado - Balcari\",\"isPartOf\":{\"@id\":\"https:\/\/tienda.balcarieditores.pe\/#website\"},\"datePublished\":\"2020-06-24T19:27:32+00:00\",\"dateModified\":\"2024-03-29T19:55:02+00:00\",\"breadcrumb\":{\"@id\":\"https:\/\/tienda.balcarieditores.pe\/?product=tarjetas-con-barniz-uv-sectorizado#breadcrumb\"},\"inLanguage\":\"es\",\"potentialAction\":[{\"@type\":\"ReadAction\",\"target\":[\"https:\/\/tienda.balcarieditores.pe\/?product=tarjetas-con-barniz-uv-sectorizado\"]}]},{\"@type\":\"BreadcrumbList\",\"@id\":\"https:\/\/tienda.balcarieditores.pe\/?product=tarjetas-con-barniz-uv-sectorizado#breadcrumb\",\"itemListElement\":[{\"@type\":\"ListItem\",\"position\":1,\"name\":\"Portada\",\"item\":\"https:\/\/tienda.balcarieditores.pe\/\"},{\"@type\":\"ListItem\",\"position\":2,\"name\":\"Tienda Balcari\",\"item\":\"https:\/\/tienda.balcarieditores.pe\/?page_id=7\"},{\"@type\":\"ListItem\",\"position\":3,\"name\":\"500 Tarjetas con Barniz UV sectorizado\"}]},{\"@type\":\"WebSite\",\"@id\":\"https:\/\/tienda.balcarieditores.pe\/#website\",\"url\":\"https:\/\/tienda.balcarieditores.pe\/\",\"name\":\"Balcari\",\"description\":\"Impresiones, Bolsas, Empaques,  y m\u00e1s\",\"potentialAction\":[{\"@type\":\"SearchAction\",\"target\":{\"@type\":\"EntryPoint\",\"urlTemplate\":\"https:\/\/tienda.balcarieditores.pe\/?s={search_term_string}\"},\"query-input\":\"required name=search_term_string\"}],\"inLanguage\":\"es\"}]}<\/script>\n<!-- \/ Yoast SEO plugin. -->","yoast_head_json":{"title":"500 Tarjetas con Barniz UV sectorizado - Balcari","robots":{"index":"index","follow":"follow","max-snippet":"max-snippet:-1","max-image-preview":"max-image-preview:large","max-video-preview":"max-video-preview:-1"},"canonical":"https:\/\/tienda.balcarieditores.pe\/?product=tarjetas-con-barniz-uv-sectorizado","og_locale":"es_ES","og_type":"article","og_title":"500 Tarjetas con Barniz UV sectorizado - Balcari","og_description":"Dale un toque sofisticado a tu tarjeta de visita a\u00f1adi\u00e9ndole relieves brillantes con efecto 3D. Echa un vistazo a nuestras plantillas de dise\u00f1o totalmente personalizables o sube tu dise\u00f1o f\u00e1cilmente.","og_url":"https:\/\/tienda.balcarieditores.pe\/?product=tarjetas-con-barniz-uv-sectorizado","og_site_name":"Balcari","article_modified_time":"2024-03-29T19:55:02+00:00","og_image":[{"width":600,"height":600,"url":"https:\/\/tienda.balcarieditores.pe\/wp-content\/uploads\/2020\/06\/tarjetasconbarnizuvsectorizado-1.jpg","type":"image\/jpeg"}],"twitter_card":"summary_large_image","twitter_misc":{"Est. reading time":"1 minuto"},"schema":{"@context":"https:\/\/schema.org","@graph":[{"@type":"WebPage","@id":"https:\/\/tienda.balcarieditores.pe\/?product=tarjetas-con-barniz-uv-sectorizado","url":"https:\/\/tienda.balcarieditores.pe\/?product=tarjetas-con-barniz-uv-sectorizado","name":"500 Tarjetas con Barniz UV sectorizado - Balcari","isPartOf":{"@id":"https:\/\/tienda.balcarieditores.pe\/#website"},"datePublished":"2020-06-24T19:27:32+00:00","dateModified":"2024-03-29T19:55:02+00:00","breadcrumb":{"@id":"https:\/\/tienda.balcarieditores.pe\/?product=tarjetas-con-barniz-uv-sectorizado#breadcrumb"},"inLanguage":"es","potentialAction":[{"@type":"ReadAction","target":["https:\/\/tienda.balcarieditores.pe\/?product=tarjetas-con-barniz-uv-sectorizado"]}]},{"@type":"BreadcrumbList","@id":"https:\/\/tienda.balcarieditores.pe\/?product=tarjetas-con-barniz-uv-sectorizado#breadcrumb","itemListElement":[{"@type":"ListItem","position":1,"name":"Portada","item":"https:\/\/tienda.balcarieditores.pe\/"},{"@type":"ListItem","position":2,"name":"Tienda Balcari","item":"https:\/\/tienda.balcarieditores.pe\/?page_id=7"},{"@type":"ListItem","position":3,"name":"500 Tarjetas con Barniz UV sectorizado"}]},{"@type":"WebSite","@id":"https:\/\/tienda.balcarieditores.pe\/#website","url":"https:\/\/tienda.balcarieditores.pe\/","name":"Balcari","description":"Impresiones, Bolsas, Empaques,  y m\u00e1s","potentialAction":[{"@type":"SearchAction","target":{"@type":"EntryPoint","urlTemplate":"https:\/\/tienda.balcarieditores.pe\/?s={search_term_string}"},"query-input":"required name=search_term_string"}],"inLanguage":"es"}]}},"_links":{"self":[{"href":"https:\/\/tienda.balcarieditores.pe\/index.php?rest_route=\/wp\/v2\/product\/19"}],"collection":[{"href":"https:\/\/tienda.balcarieditores.pe\/index.php?rest_route=\/wp\/v2\/product"}],"about":[{"href":"https:\/\/tienda.balcarieditores.pe\/index.php?rest_route=\/wp\/v2\/types\/product"}],"wp:featuredmedia":[{"embeddable":true,"href":"https:\/\/tienda.balcarieditores.pe\/index.php?rest_route=\/wp\/v2\/media\/7319"}],"wp:attachment":[{"href":"https:\/\/tienda.balcarieditores.pe\/index.php?rest_route=%2Fwp%2Fv2%2Fmedia&parent=19"}],"wp:term":[{"taxonomy":"product_cat","embeddable":true,"href":"https:\/\/tienda.balcarieditores.pe\/index.php?rest_route=%2Fwp%2Fv2%2Fproduct_cat&post=19"},{"taxonomy":"product_tag","embeddable":true,"href":"https:\/\/tienda.balcarieditores.pe\/index.php?rest_route=%2Fwp%2Fv2%2Fproduct_tag&post=19"}],"curies":[{"name":"wp","href":"https:\/\/api.w.org\/{rel}","templated":true}]}}