{"id":7239,"date":"2020-06-24T19:47:47","date_gmt":"2020-06-25T00:47:47","guid":{"rendered":"https:\/\/balcari.com\/?post_type=product&#038;p=44"},"modified":"2024-03-29T14:53:16","modified_gmt":"2024-03-29T19:53:16","slug":"tarjeta-de-visita-con-efecto-metalico","status":"publish","type":"product","link":"https:\/\/tienda.balcarieditores.pe\/?product=tarjeta-de-visita-con-efecto-metalico","title":{"rendered":"500 Tarjetas de Visita con Efecto Met\u00e1lico"},"content":{"rendered":"<h3 class=\"strong mb-0\">Utiliza un brillo atractivo para hacer de tu tarjeta la excusa perfecta para iniciar una conversaci\u00f3n.<\/h3>\n<div class=\"\">\n<ul>\n<li>2 formas disponibles<\/li>\n<li>2 tipos de papel<\/li>\n<li>Esquinas est\u00e1ndar<\/li>\n<li>Impresi\u00f3n n\u00edtida a todo color<\/li>\n<li>Acabado disponible solo en el anverso<\/li>\n<\/ul>\n<p>Puede que no sea oro todo lo que reluzca, pero un buen brillo seguro que captar\u00e1 la atenci\u00f3n. Esto es lo que convierte a nuestras tarjetas de visita metalizadas en una opci\u00f3n inmejorable: un acabado metalizado resalta zonas espec\u00edficas de tu dise\u00f1o. El resultado es una tarjeta que puede captar a clientes potenciales y a otros vendedores.<\/p>\n<p>\u00bfLo tienes todo listo para crear tu tarjeta metalizada? Empieza explorando nuestra amplia gama de dise\u00f1os a todo color. (Si ya tienes tu propio dise\u00f1o, s\u00fabelo de forma sencilla). Cuando encuentres tu plantilla favorita, dale tu toque personal a\u00f1adiendo detalles personalizados. Del resto nos encargamos nosotros: tus tarjetas llegar\u00e1n con un aspecto impecable, profesional y listo para brillar.<\/p>\n<\/div>\n","protected":false},"excerpt":{"rendered":"<p>A\u00f1ade un toque deslumbrante a tu tarjeta con un papel brillante con efecto metalizado. Echa un vistazo a nuestras plantillas de dise\u00f1o totalmente personalizables o sube tu dise\u00f1o f\u00e1cilmente.<\/p>\n","protected":false},"featured_media":7317,"template":"","meta":[],"product_cat":[83],"product_tag":[],"yoast_head":"<!-- This site is optimized with the Yoast SEO plugin v20.8 - https:\/\/yoast.com\/wordpress\/plugins\/seo\/ -->\n<title>500 Tarjetas de Visita con Efecto Met\u00e1lico - Balcari<\/title>\n<meta name=\"robots\" content=\"index, follow, max-snippet:-1, max-image-preview:large, max-video-preview:-1\" \/>\n<link rel=\"canonical\" href=\"https:\/\/tienda.balcarieditores.pe\/?product=tarjeta-de-visita-con-efecto-metalico\" \/>\n<meta property=\"og:locale\" content=\"es_ES\" \/>\n<meta property=\"og:type\" content=\"article\" \/>\n<meta property=\"og:title\" content=\"500 Tarjetas de Visita con Efecto Met\u00e1lico - Balcari\" \/>\n<meta property=\"og:description\" content=\"A\u00f1ade un toque deslumbrante a tu tarjeta con un papel brillante con efecto metalizado. Echa un vistazo a nuestras plantillas de dise\u00f1o totalmente personalizables o sube tu dise\u00f1o f\u00e1cilmente.\" \/>\n<meta property=\"og:url\" content=\"https:\/\/tienda.balcarieditores.pe\/?product=tarjeta-de-visita-con-efecto-metalico\" \/>\n<meta property=\"og:site_name\" content=\"Balcari\" \/>\n<meta property=\"article:modified_time\" content=\"2024-03-29T19:53:16+00:00\" \/>\n<meta property=\"og:image\" content=\"https:\/\/tienda.balcarieditores.pe\/wp-content\/uploads\/2020\/06\/tarjetasefectometalico-1.jpg\" \/>\n\t<meta property=\"og:image:width\" content=\"600\" \/>\n\t<meta property=\"og:image:height\" content=\"600\" \/>\n\t<meta property=\"og:image:type\" content=\"image\/jpeg\" \/>\n<meta name=\"twitter:card\" content=\"summary_large_image\" \/>\n<meta name=\"twitter:label1\" content=\"Est. reading time\" \/>\n\t<meta name=\"twitter:data1\" content=\"1 minuto\" \/>\n<script type=\"application\/ld+json\" class=\"yoast-schema-graph\">{\"@context\":\"https:\/\/schema.org\",\"@graph\":[{\"@type\":\"WebPage\",\"@id\":\"https:\/\/tienda.balcarieditores.pe\/?product=tarjeta-de-visita-con-efecto-metalico\",\"url\":\"https:\/\/tienda.balcarieditores.pe\/?product=tarjeta-de-visita-con-efecto-metalico\",\"name\":\"500 Tarjetas de Visita con Efecto Met\u00e1lico - Balcari\",\"isPartOf\":{\"@id\":\"https:\/\/tienda.balcarieditores.pe\/#website\"},\"datePublished\":\"2020-06-25T00:47:47+00:00\",\"dateModified\":\"2024-03-29T19:53:16+00:00\",\"breadcrumb\":{\"@id\":\"https:\/\/tienda.balcarieditores.pe\/?product=tarjeta-de-visita-con-efecto-metalico#breadcrumb\"},\"inLanguage\":\"es\",\"potentialAction\":[{\"@type\":\"ReadAction\",\"target\":[\"https:\/\/tienda.balcarieditores.pe\/?product=tarjeta-de-visita-con-efecto-metalico\"]}]},{\"@type\":\"BreadcrumbList\",\"@id\":\"https:\/\/tienda.balcarieditores.pe\/?product=tarjeta-de-visita-con-efecto-metalico#breadcrumb\",\"itemListElement\":[{\"@type\":\"ListItem\",\"position\":1,\"name\":\"Portada\",\"item\":\"https:\/\/tienda.balcarieditores.pe\/\"},{\"@type\":\"ListItem\",\"position\":2,\"name\":\"Tienda Balcari\",\"item\":\"https:\/\/tienda.balcarieditores.pe\/?page_id=7\"},{\"@type\":\"ListItem\",\"position\":3,\"name\":\"500 Tarjetas de Visita con Efecto Met\u00e1lico\"}]},{\"@type\":\"WebSite\",\"@id\":\"https:\/\/tienda.balcarieditores.pe\/#website\",\"url\":\"https:\/\/tienda.balcarieditores.pe\/\",\"name\":\"Balcari\",\"description\":\"Impresiones, Bolsas, Empaques,  y m\u00e1s\",\"potentialAction\":[{\"@type\":\"SearchAction\",\"target\":{\"@type\":\"EntryPoint\",\"urlTemplate\":\"https:\/\/tienda.balcarieditores.pe\/?s={search_term_string}\"},\"query-input\":\"required name=search_term_string\"}],\"inLanguage\":\"es\"}]}<\/script>\n<!-- \/ Yoast SEO plugin. -->","yoast_head_json":{"title":"500 Tarjetas de Visita con Efecto Met\u00e1lico - Balcari","robots":{"index":"index","follow":"follow","max-snippet":"max-snippet:-1","max-image-preview":"max-image-preview:large","max-video-preview":"max-video-preview:-1"},"canonical":"https:\/\/tienda.balcarieditores.pe\/?product=tarjeta-de-visita-con-efecto-metalico","og_locale":"es_ES","og_type":"article","og_title":"500 Tarjetas de Visita con Efecto Met\u00e1lico - Balcari","og_description":"A\u00f1ade un toque deslumbrante a tu tarjeta con un papel brillante con efecto metalizado. Echa un vistazo a nuestras plantillas de dise\u00f1o totalmente personalizables o sube tu dise\u00f1o f\u00e1cilmente.","og_url":"https:\/\/tienda.balcarieditores.pe\/?product=tarjeta-de-visita-con-efecto-metalico","og_site_name":"Balcari","article_modified_time":"2024-03-29T19:53:16+00:00","og_image":[{"width":600,"height":600,"url":"https:\/\/tienda.balcarieditores.pe\/wp-content\/uploads\/2020\/06\/tarjetasefectometalico-1.jpg","type":"image\/jpeg"}],"twitter_card":"summary_large_image","twitter_misc":{"Est. reading time":"1 minuto"},"schema":{"@context":"https:\/\/schema.org","@graph":[{"@type":"WebPage","@id":"https:\/\/tienda.balcarieditores.pe\/?product=tarjeta-de-visita-con-efecto-metalico","url":"https:\/\/tienda.balcarieditores.pe\/?product=tarjeta-de-visita-con-efecto-metalico","name":"500 Tarjetas de Visita con Efecto Met\u00e1lico - Balcari","isPartOf":{"@id":"https:\/\/tienda.balcarieditores.pe\/#website"},"datePublished":"2020-06-25T00:47:47+00:00","dateModified":"2024-03-29T19:53:16+00:00","breadcrumb":{"@id":"https:\/\/tienda.balcarieditores.pe\/?product=tarjeta-de-visita-con-efecto-metalico#breadcrumb"},"inLanguage":"es","potentialAction":[{"@type":"ReadAction","target":["https:\/\/tienda.balcarieditores.pe\/?product=tarjeta-de-visita-con-efecto-metalico"]}]},{"@type":"BreadcrumbList","@id":"https:\/\/tienda.balcarieditores.pe\/?product=tarjeta-de-visita-con-efecto-metalico#breadcrumb","itemListElement":[{"@type":"ListItem","position":1,"name":"Portada","item":"https:\/\/tienda.balcarieditores.pe\/"},{"@type":"ListItem","position":2,"name":"Tienda Balcari","item":"https:\/\/tienda.balcarieditores.pe\/?page_id=7"},{"@type":"ListItem","position":3,"name":"500 Tarjetas de Visita con Efecto Met\u00e1lico"}]},{"@type":"WebSite","@id":"https:\/\/tienda.balcarieditores.pe\/#website","url":"https:\/\/tienda.balcarieditores.pe\/","name":"Balcari","description":"Impresiones, Bolsas, Empaques,  y m\u00e1s","potentialAction":[{"@type":"SearchAction","target":{"@type":"EntryPoint","urlTemplate":"https:\/\/tienda.balcarieditores.pe\/?s={search_term_string}"},"query-input":"required name=search_term_string"}],"inLanguage":"es"}]}},"_links":{"self":[{"href":"https:\/\/tienda.balcarieditores.pe\/index.php?rest_route=\/wp\/v2\/product\/7239"}],"collection":[{"href":"https:\/\/tienda.balcarieditores.pe\/index.php?rest_route=\/wp\/v2\/product"}],"about":[{"href":"https:\/\/tienda.balcarieditores.pe\/index.php?rest_route=\/wp\/v2\/types\/product"}],"wp:featuredmedia":[{"embeddable":true,"href":"https:\/\/tienda.balcarieditores.pe\/index.php?rest_route=\/wp\/v2\/media\/7317"}],"wp:attachment":[{"href":"https:\/\/tienda.balcarieditores.pe\/index.php?rest_route=%2Fwp%2Fv2%2Fmedia&parent=7239"}],"wp:term":[{"taxonomy":"product_cat","embeddable":true,"href":"https:\/\/tienda.balcarieditores.pe\/index.php?rest_route=%2Fwp%2Fv2%2Fproduct_cat&post=7239"},{"taxonomy":"product_tag","embeddable":true,"href":"https:\/\/tienda.balcarieditores.pe\/index.php?rest_route=%2Fwp%2Fv2%2Fproduct_tag&post=7239"}],"curies":[{"name":"wp","href":"https:\/\/api.w.org\/{rel}","templated":true}]}}